{"id":1345,"date":"2023-07-08T19:30:58","date_gmt":"2023-07-08T22:30:58","guid":{"rendered":"https:\/\/oprofessorglobal.com.br\/?post_type=product&#038;p=1345"},"modified":"2023-07-10T10:02:15","modified_gmt":"2023-07-10T13:02:15","slug":"lingua-portuguesa-para-estrangeiros-criancas-kids-nivel-basico-low-muito-prazer-a-familia-f","status":"publish","type":"product","link":"https:\/\/oprofessorglobal.com.br\/en\/product\/lingua-portuguesa-para-estrangeiros-criancas-kids-nivel-basico-low-muito-prazer-a-familia-f\/","title":{"rendered":"L\u00edngua Portuguesa para Estrangeiros &#8211; Crian\u00e7as\/Kids &#8211; N\u00edvel B\u00e1sico Low &#8211; LI\u00c7\u00c3O 1: Muito Prazer (A Fam\u00edlia F)"},"content":{"rendered":"<p>&nbsp;<\/p>\n<p><b>Objetivo do Material Portugu\u00eas Kids &#8211; O Professor Global<\/b><\/p>\n<p><span style=\"font-weight: 400;\">Esse material foi elaborado, principalmente, para crian\u00e7as de 6 \u00e0 11 anos que t\u00eam por objetivo aprender a l\u00edngua portuguesa como l\u00edngua estrangeira ou segunda l\u00edngua, em suas quatro habilidades (fala, escuta, escrita e leitura).\u00a0<\/span><\/p>\n<p><span style=\"font-weight: 400;\">O material, no entanto, pode tamb\u00e9m ser utilizado com crian\u00e7as da Educa\u00e7\u00e3o Infantil e do Ensino Fundamental para auxiliar professores e alunos no processo de desenvolvimento da l\u00edngua portuguesa como l\u00edngua materna.\u00a0<\/span><\/p>\n<p><b>Estrutura do Material Portugu\u00eas Kids &#8211; O Professor Global<\/b><\/p>\n<ul>\n<li style=\"font-weight: 400;\" aria-level=\"1\"><b>Total de m\u00f3dulos<\/b><span style=\"font-weight: 400;\">: <\/span><b>9<\/b><span style=\"font-weight: 400;\">:\u00a0<\/span><\/li>\n<li style=\"font-weight: 400;\" aria-level=\"1\"><span style=\"font-weight: 400;\">B\u00e1sico (Low, Mid, High)<\/span><\/li>\n<li style=\"font-weight: 400;\" aria-level=\"1\"><span style=\"font-weight: 400;\">Intermedi\u00e1rio (Low, Mid, High)<\/span><\/li>\n<li style=\"font-weight: 400;\" aria-level=\"1\"><span style=\"font-weight: 400;\">Avan\u00e7ado (Low, Mid, High)<\/span><\/li>\n<\/ul>\n<p>&nbsp;<\/p>\n<ul>\n<li style=\"font-weight: 400;\" aria-level=\"1\"><b>Total de<\/b> <b>li\u00e7\u00f5es por m\u00f3dulo<\/b><span style=\"font-weight: 400;\">: <\/span><b>12<\/b><\/li>\n<li style=\"font-weight: 400;\" aria-level=\"1\"><b>Tempo<\/b> <b>estimado<\/b> <b>por m\u00f3dulo<\/b><span style=\"font-weight: 400;\">: <\/span><b>6 meses<\/b><\/li>\n<li style=\"font-weight: 400;\" aria-level=\"1\"><b>Sugest\u00e3o de planejamento:<\/b> <b>1 li\u00e7\u00e3o por semana (+\/- 3 horas semanais).\u00a0<\/b><\/li>\n<li aria-level=\"1\"><b>Cada li\u00e7\u00e3o \u00e9 vendida individualmente e comp\u00f5em 6 partes espec\u00edficas:\u00a0<\/b><\/li>\n<\/ul>\n<p>&nbsp;<\/p>\n<ul>\n<li aria-level=\"1\"><b>Parte 1 \u2013 Palavras M\u00e1gicas (Input \u2013 Vocabul\u00e1rio novo)<\/b><\/li>\n<\/ul>\n<ul>\n<li aria-level=\"1\"><b>Parte 2 \u2013 Hora da Hist\u00f3ria (Situa\u00e7\u00e3o)<\/b><\/li>\n<\/ul>\n<ul>\n<li aria-level=\"1\"><b>Parte 3 \u2013 Frases M\u00e1gicas (Consci\u00eancia Lingu\u00edstica)<\/b><\/li>\n<\/ul>\n<ul>\n<li aria-level=\"1\"><b>Parte 4 \u2013 Voc\u00ea \u00e9 o Papagaio (Drills)<\/b><\/li>\n<\/ul>\n<ul>\n<li aria-level=\"1\"><b>Parte 5\u00a0 &#8211; Folhas de Atividades (Revis\u00e3o e Pr\u00e1tica)<\/b><\/li>\n<\/ul>\n<ul>\n<li aria-level=\"1\"><b>Parte 6 \u2013 Brinque e Aprenda (Revis\u00e3o L\u00fadica<\/b><\/li>\n<\/ul>\n<p><b>Descri\u00e7\u00e3o da Li\u00e7\u00e3o 1 &#8211; Portugu\u00eas B\u00e1sico Low: \u201cA Fam\u00edlia F. &#8211; Muito Prazer!\u201d<\/b><b><\/b><\/p>\n<ul>\n<li aria-level=\"1\"><b>A li\u00e7\u00e3o 1 do Kids 1BL tem por objetivos:\u00a0<\/b><\/li>\n<li style=\"font-weight: 400;\" aria-level=\"1\"><span style=\"font-weight: 400;\">Praticar <\/span><b>vocabul\u00e1rio<\/b><span style=\"font-weight: 400;\"> e express\u00f5es relacionados \u00e0 <\/span><b>apresenta\u00e7\u00e3o, cumprimentos e socializa\u00e7\u00e3o<\/b><span style=\"font-weight: 400;\"> de forma geral.\u00a0<\/span><\/li>\n<li style=\"font-weight: 400;\" aria-level=\"1\"><span style=\"font-weight: 400;\">Conscientizar os alunos <\/span><b>geograficamente e culturalmente<\/b><span style=\"font-weight: 400;\"> (pa\u00eds + l\u00edngua falada)<\/span><\/li>\n<li style=\"font-weight: 400;\" aria-level=\"1\"><span style=\"font-weight: 400;\">Praticar a <\/span><b>constru\u00e7\u00e3o de frases simples<\/b><span style=\"font-weight: 400;\"> em l\u00edngua portuguesa, enfatizando, principalmente, <\/span><b>os artigos femininos e masculinos definidos e indefinidos<\/b><span style=\"font-weight: 400;\">.\u00a0<\/span><\/li>\n<li style=\"font-weight: 400;\" aria-level=\"1\"><span style=\"font-weight: 400;\">Praticar as <\/span><b>quatro habilidades da l\u00edngua: escuta, fala, leitura e escrita.<\/b><\/li>\n<li style=\"font-weight: 400;\" aria-level=\"1\"><span style=\"font-weight: 400;\">Aprender a l\u00edngua portuguesa de forma <\/span><b>l\u00fadica e divertida<\/b><span style=\"font-weight: 400;\">.<\/span><\/li>\n<li aria-level=\"1\"><b>Ao final desta unidade, os alunos ser\u00e3o capazes de:\u00a0<\/b><\/li>\n<li style=\"font-weight: 400;\" aria-level=\"1\"><span style=\"font-weight: 400;\">Perguntar e responder sobre o nome de algu\u00e9m.\u00a0<\/span><\/li>\n<li style=\"font-weight: 400;\" aria-level=\"1\"><span style=\"font-weight: 400;\">Apresentar-se e apresentar outras pessoas.\u00a0<\/span><\/li>\n<li style=\"font-weight: 400;\" aria-level=\"1\"><span style=\"font-weight: 400;\">Perguntar e responder sobre o pa\u00eds de origem.\u00a0<\/span><\/li>\n<li style=\"font-weight: 400;\" aria-level=\"1\"><span style=\"font-weight: 400;\">Usar pronomes pessoais como <\/span><b><i>eu, ele e ela,<\/i><\/b><span style=\"font-weight: 400;\"> principalmente.\u00a0<\/span><\/li>\n<li style=\"font-weight: 400;\" aria-level=\"1\"><span style=\"font-weight: 400;\">Usar o <\/span><b>verbo ser e estar<\/b><span style=\"font-weight: 400;\">.<\/span><\/li>\n<li aria-level=\"1\"><b>Nessa li\u00e7\u00e3o o professor\/tutor tem acesso \u00e0:\u00a0<\/b><\/li>\n<li style=\"font-weight: 400;\" aria-level=\"1\"><span style=\"font-weight: 400;\">Instru\u00e7\u00f5es de uso do material. (Caderno do Professor) Aqui<\/span><\/li>\n<li style=\"font-weight: 400;\" aria-level=\"1\"><span style=\"font-weight: 400;\">Caderno do Aluno em PDF para impress\u00e3o ou uso digital + \u00e1udios (encontram-se em cada p\u00e1gina do caderno do aluno no \u00edcone fone de ouvido) <\/span><b>(35 p\u00e1ginas e 20 \u00e1udios)<\/b><\/li>\n<li style=\"font-weight: 400;\" aria-level=\"1\"><b>12 <\/b><span style=\"font-weight: 400;\">voc\u00e1bulos com \u00e1udio.<\/span><\/li>\n<li style=\"font-weight: 400;\" aria-level=\"1\"><b>8<\/b><span style=\"font-weight: 400;\"> mini-hist\u00f3rias sobre a Fam\u00edlia F. com seus respectivos \u00e1udios.<\/span><\/li>\n<li style=\"font-weight: 400;\" aria-level=\"1\"><b>7<\/b><span style=\"font-weight: 400;\"> pr\u00e1ticas de Consci\u00eancia Lingu\u00edstica que exploram artigos definidos e indefinidos no feminino e masculino e seus respectivos \u00e1udios.<\/span><\/li>\n<li style=\"font-weight: 400;\" aria-level=\"1\"><b>4 <\/b><span style=\"font-weight: 400;\">Pr\u00e1ticas de Escuta e Fala\/Drills e seus respectivos \u00e1udios.<\/span><\/li>\n<li style=\"font-weight: 400;\" aria-level=\"1\"><b>6<\/b><span style=\"font-weight: 400;\"> Folhas de Atividades para praticar a leitura e a escrita.<\/span><\/li>\n<li style=\"font-weight: 400;\" aria-level=\"1\"><b>1<\/b> Jogo da Mem\u00f3rias para revisar o vocabul\u00e1rio aprendido na li\u00e7\u00e3o.<\/li>\n<\/ul>\n<p>&nbsp;<\/p>","protected":false},"excerpt":{"rendered":"<p>L\u00edngua Portuguesa para Estrangeiros &#8211; Crian\u00e7as\/Kids &#8211; N\u00edvel B\u00e1sico Low &#8211; Muito Prazer (A Fam\u00edlia F)<\/p>\n<ul>\n<li>35 p\u00e1ginas<\/li>\n<li>Temas: Apresenta\u00e7\u00e3o pessoal e fam\u00edlia<\/li>\n<li>20 \u00e1udios<\/li>\n<li>Atividades de leitura (mini-hist\u00f3rias), escrita, escuta e fala<\/li>\n<li>1 jogo<\/li>\n<\/ul>\n<p>Material ideal para professores de l\u00edngua portuguesa como l\u00edngua estrangeira ou pais que vivem no exterior e querem que seus filhos aprendam portugu\u00eas.<\/p>","protected":false},"featured_media":1350,"comment_status":"open","ping_status":"closed","template":"","meta":[],"product_brand":[],"product_cat":[41],"product_tag":[],"class_list":{"0":"post-1345","1":"product","2":"type-product","3":"status-publish","4":"has-post-thumbnail","6":"product_cat-sem-categoria","8":"first","9":"instock","10":"downloadable","11":"shipping-taxable","12":"purchasable","13":"product-type-simple"},"yoast_head":"<!-- This site is optimized with the Yoast SEO plugin v27.5 - https:\/\/yoast.com\/product\/yoast-seo-wordpress\/ -->\n<title>L\u00edngua Portuguesa para Estrangeiros - Crian\u00e7as\/Kids - N\u00edvel B\u00e1sico Low - LI\u00c7\u00c3O 1: Muito Prazer (A Fam\u00edlia F) - O Professor Global<\/title>\n<meta name=\"robots\" content=\"index, follow, max-snippet:-1, max-image-preview:large, max-video-preview:-1\" \/>\n<link rel=\"canonical\" href=\"https:\/\/oprofessorglobal.com.br\/en\/product\/individual-behavior-chart-tool-to-track-students-behavior\/\" \/>\n<meta property=\"og:locale\" content=\"en_US\" \/>\n<meta property=\"og:type\" content=\"article\" \/>\n<meta property=\"og:title\" content=\"L\u00edngua Portuguesa para Estrangeiros - Crian\u00e7as\/Kids - N\u00edvel B\u00e1sico Low - LI\u00c7\u00c3O 1: Muito Prazer (A Fam\u00edlia F) - O Professor Global\" \/>\n<meta property=\"og:description\" content=\"L\u00edngua Portuguesa para Estrangeiros - Crian\u00e7as\/Kids - N\u00edvel B\u00e1sico Low - Muito Prazer (A Fam\u00edlia F)   35 p\u00e1ginas  Temas: Apresenta\u00e7\u00e3o pessoal e fam\u00edlia  20 \u00e1udios  Atividades de leitura (mini-hist\u00f3rias), escrita, escuta e fala  1 jogo  Material ideal para professores de l\u00edngua portuguesa como l\u00edngua estrangeira ou pais que vivem no exterior e querem que seus filhos aprendam portugu\u00eas.\" \/>\n<meta property=\"og:url\" content=\"https:\/\/oprofessorglobal.com.br\/en\/product\/individual-behavior-chart-tool-to-track-students-behavior\/\" \/>\n<meta property=\"og:site_name\" content=\"O Professor Global\" \/>\n<meta property=\"article:publisher\" content=\"https:\/\/www.facebook.com\/oprofessorglobal\/\" \/>\n<meta property=\"article:modified_time\" content=\"2023-07-10T13:02:15+00:00\" \/>\n<meta property=\"og:image\" content=\"https:\/\/oprofessorglobal.com.br\/wp-content\/uploads\/2023\/07\/oprofessorglobal.com.br-screen-shot-2023-07-08-at-4.33.21-pm-2.png\" \/>\n\t<meta property=\"og:image:width\" content=\"557\" \/>\n\t<meta property=\"og:image:height\" content=\"887\" \/>\n\t<meta property=\"og:image:type\" content=\"image\/png\" \/>\n<meta name=\"twitter:card\" content=\"summary_large_image\" \/>\n<meta name=\"twitter:label1\" content=\"Est. reading time\" \/>\n\t<meta name=\"twitter:data1\" content=\"3 minutes\" \/>\n<script type=\"application\/ld+json\" class=\"yoast-schema-graph\">{\"@context\":\"https:\\\/\\\/schema.org\",\"@graph\":[{\"@type\":\"WebPage\",\"@id\":\"https:\\\/\\\/oprofessorglobal.com.br\\\/produto\\\/individual-behavior-chart-tool-to-track-students-behavior\\\/\",\"url\":\"https:\\\/\\\/oprofessorglobal.com.br\\\/produto\\\/individual-behavior-chart-tool-to-track-students-behavior\\\/\",\"name\":\"L\u00edngua Portuguesa para Estrangeiros - Crian\u00e7as\\\/Kids - N\u00edvel B\u00e1sico Low - LI\u00c7\u00c3O 1: Muito Prazer (A Fam\u00edlia F) - O Professor Global\",\"isPartOf\":{\"@id\":\"https:\\\/\\\/oprofessorglobal.com.br\\\/#website\"},\"primaryImageOfPage\":{\"@id\":\"https:\\\/\\\/oprofessorglobal.com.br\\\/produto\\\/individual-behavior-chart-tool-to-track-students-behavior\\\/#primaryimage\"},\"image\":{\"@id\":\"https:\\\/\\\/oprofessorglobal.com.br\\\/produto\\\/individual-behavior-chart-tool-to-track-students-behavior\\\/#primaryimage\"},\"thumbnailUrl\":\"https:\\\/\\\/oprofessorglobal.com.br\\\/wp-content\\\/uploads\\\/2023\\\/07\\\/oprofessorglobal.com.br-screen-shot-2023-07-08-at-4.33.21-pm-2.png\",\"datePublished\":\"2023-07-08T22:30:58+00:00\",\"dateModified\":\"2023-07-10T13:02:15+00:00\",\"breadcrumb\":{\"@id\":\"https:\\\/\\\/oprofessorglobal.com.br\\\/produto\\\/individual-behavior-chart-tool-to-track-students-behavior\\\/#breadcrumb\"},\"inLanguage\":\"en-US\",\"potentialAction\":[{\"@type\":\"ReadAction\",\"target\":[\"https:\\\/\\\/oprofessorglobal.com.br\\\/produto\\\/individual-behavior-chart-tool-to-track-students-behavior\\\/\"]}]},{\"@type\":\"ImageObject\",\"inLanguage\":\"en-US\",\"@id\":\"https:\\\/\\\/oprofessorglobal.com.br\\\/produto\\\/individual-behavior-chart-tool-to-track-students-behavior\\\/#primaryimage\",\"url\":\"https:\\\/\\\/oprofessorglobal.com.br\\\/wp-content\\\/uploads\\\/2023\\\/07\\\/oprofessorglobal.com.br-screen-shot-2023-07-08-at-4.33.21-pm-2.png\",\"contentUrl\":\"https:\\\/\\\/oprofessorglobal.com.br\\\/wp-content\\\/uploads\\\/2023\\\/07\\\/oprofessorglobal.com.br-screen-shot-2023-07-08-at-4.33.21-pm-2.png\",\"width\":557,\"height\":887,\"caption\":\"Li\u00e7\u00e3o 1 - Muito Prazer - A Fam\u00edlia F\"},{\"@type\":\"BreadcrumbList\",\"@id\":\"https:\\\/\\\/oprofessorglobal.com.br\\\/produto\\\/individual-behavior-chart-tool-to-track-students-behavior\\\/#breadcrumb\",\"itemListElement\":[{\"@type\":\"ListItem\",\"position\":1,\"name\":\"In\u00edcio\",\"item\":\"https:\\\/\\\/oprofessorglobal.com.br\\\/\"},{\"@type\":\"ListItem\",\"position\":2,\"name\":\"Loja\",\"item\":\"https:\\\/\\\/oprofessorglobal.com.br\\\/produto\\\/individual-behavior-chart-tool-to-track-students-behavior\\\/\"},{\"@type\":\"ListItem\",\"position\":3,\"name\":\"L\u00edngua Portuguesa para Estrangeiros &#8211; Crian\u00e7as\\\/Kids &#8211; N\u00edvel B\u00e1sico Low &#8211; LI\u00c7\u00c3O 1: Muito Prazer (A Fam\u00edlia F)\"}]},{\"@type\":\"WebSite\",\"@id\":\"https:\\\/\\\/oprofessorglobal.com.br\\\/#website\",\"url\":\"https:\\\/\\\/oprofessorglobal.com.br\\\/\",\"name\":\"O Professor Global\",\"description\":\"De professor para professor\",\"publisher\":{\"@id\":\"https:\\\/\\\/oprofessorglobal.com.br\\\/#organization\"},\"potentialAction\":[{\"@type\":\"SearchAction\",\"target\":{\"@type\":\"EntryPoint\",\"urlTemplate\":\"https:\\\/\\\/oprofessorglobal.com.br\\\/?s={search_term_string}\"},\"query-input\":{\"@type\":\"PropertyValueSpecification\",\"valueRequired\":true,\"valueName\":\"search_term_string\"}}],\"inLanguage\":\"en-US\"},{\"@type\":\"Organization\",\"@id\":\"https:\\\/\\\/oprofessorglobal.com.br\\\/#organization\",\"name\":\"O Professor Global\",\"url\":\"https:\\\/\\\/oprofessorglobal.com.br\\\/\",\"logo\":{\"@type\":\"ImageObject\",\"inLanguage\":\"en-US\",\"@id\":\"https:\\\/\\\/oprofessorglobal.com.br\\\/#\\\/schema\\\/logo\\\/image\\\/\",\"url\":\"https:\\\/\\\/oprofessorglobal.com.br\\\/wp-content\\\/uploads\\\/2020\\\/04\\\/oprofessorglobal.com.br-logo-o-professor-global.png\",\"contentUrl\":\"https:\\\/\\\/oprofessorglobal.com.br\\\/wp-content\\\/uploads\\\/2020\\\/04\\\/oprofessorglobal.com.br-logo-o-professor-global.png\",\"width\":800,\"height\":270,\"caption\":\"O Professor Global\"},\"image\":{\"@id\":\"https:\\\/\\\/oprofessorglobal.com.br\\\/#\\\/schema\\\/logo\\\/image\\\/\"},\"sameAs\":[\"https:\\\/\\\/www.facebook.com\\\/oprofessorglobal\\\/\",\"https:\\\/\\\/www.instagram.com\\\/prof.global\\\/?hl=pt-br\",\"https:\\\/\\\/www.youtube.com\\\/channel\\\/UCf9AY4rQ8AXmKlGg4fotZ_g\"]}]}<\/script>\n<!-- \/ Yoast SEO plugin. -->","yoast_head_json":{"title":"L\u00edngua Portuguesa para Estrangeiros - Crian\u00e7as\/Kids - N\u00edvel B\u00e1sico Low - LI\u00c7\u00c3O 1: Muito Prazer (A Fam\u00edlia F) - O Professor Global","robots":{"index":"index","follow":"follow","max-snippet":"max-snippet:-1","max-image-preview":"max-image-preview:large","max-video-preview":"max-video-preview:-1"},"canonical":"https:\/\/oprofessorglobal.com.br\/en\/product\/individual-behavior-chart-tool-to-track-students-behavior\/","og_locale":"en_US","og_type":"article","og_title":"L\u00edngua Portuguesa para Estrangeiros - Crian\u00e7as\/Kids - N\u00edvel B\u00e1sico Low - LI\u00c7\u00c3O 1: Muito Prazer (A Fam\u00edlia F) - O Professor Global","og_description":"L\u00edngua Portuguesa para Estrangeiros - Crian\u00e7as\/Kids - N\u00edvel B\u00e1sico Low - Muito Prazer (A Fam\u00edlia F)   35 p\u00e1ginas  Temas: Apresenta\u00e7\u00e3o pessoal e fam\u00edlia  20 \u00e1udios  Atividades de leitura (mini-hist\u00f3rias), escrita, escuta e fala  1 jogo  Material ideal para professores de l\u00edngua portuguesa como l\u00edngua estrangeira ou pais que vivem no exterior e querem que seus filhos aprendam portugu\u00eas.","og_url":"https:\/\/oprofessorglobal.com.br\/en\/product\/individual-behavior-chart-tool-to-track-students-behavior\/","og_site_name":"O Professor Global","article_publisher":"https:\/\/www.facebook.com\/oprofessorglobal\/","article_modified_time":"2023-07-10T13:02:15+00:00","og_image":[{"width":557,"height":887,"url":"https:\/\/oprofessorglobal.com.br\/wp-content\/uploads\/2023\/07\/oprofessorglobal.com.br-screen-shot-2023-07-08-at-4.33.21-pm-2.png","type":"image\/png"}],"twitter_card":"summary_large_image","twitter_misc":{"Est. reading time":"3 minutes"},"schema":{"@context":"https:\/\/schema.org","@graph":[{"@type":"WebPage","@id":"https:\/\/oprofessorglobal.com.br\/produto\/individual-behavior-chart-tool-to-track-students-behavior\/","url":"https:\/\/oprofessorglobal.com.br\/produto\/individual-behavior-chart-tool-to-track-students-behavior\/","name":"L\u00edngua Portuguesa para Estrangeiros - Crian\u00e7as\/Kids - N\u00edvel B\u00e1sico Low - LI\u00c7\u00c3O 1: Muito Prazer (A Fam\u00edlia F) - O Professor Global","isPartOf":{"@id":"https:\/\/oprofessorglobal.com.br\/#website"},"primaryImageOfPage":{"@id":"https:\/\/oprofessorglobal.com.br\/produto\/individual-behavior-chart-tool-to-track-students-behavior\/#primaryimage"},"image":{"@id":"https:\/\/oprofessorglobal.com.br\/produto\/individual-behavior-chart-tool-to-track-students-behavior\/#primaryimage"},"thumbnailUrl":"https:\/\/oprofessorglobal.com.br\/wp-content\/uploads\/2023\/07\/oprofessorglobal.com.br-screen-shot-2023-07-08-at-4.33.21-pm-2.png","datePublished":"2023-07-08T22:30:58+00:00","dateModified":"2023-07-10T13:02:15+00:00","breadcrumb":{"@id":"https:\/\/oprofessorglobal.com.br\/produto\/individual-behavior-chart-tool-to-track-students-behavior\/#breadcrumb"},"inLanguage":"en-US","potentialAction":[{"@type":"ReadAction","target":["https:\/\/oprofessorglobal.com.br\/produto\/individual-behavior-chart-tool-to-track-students-behavior\/"]}]},{"@type":"ImageObject","inLanguage":"en-US","@id":"https:\/\/oprofessorglobal.com.br\/produto\/individual-behavior-chart-tool-to-track-students-behavior\/#primaryimage","url":"https:\/\/oprofessorglobal.com.br\/wp-content\/uploads\/2023\/07\/oprofessorglobal.com.br-screen-shot-2023-07-08-at-4.33.21-pm-2.png","contentUrl":"https:\/\/oprofessorglobal.com.br\/wp-content\/uploads\/2023\/07\/oprofessorglobal.com.br-screen-shot-2023-07-08-at-4.33.21-pm-2.png","width":557,"height":887,"caption":"Li\u00e7\u00e3o 1 - Muito Prazer - A Fam\u00edlia F"},{"@type":"BreadcrumbList","@id":"https:\/\/oprofessorglobal.com.br\/produto\/individual-behavior-chart-tool-to-track-students-behavior\/#breadcrumb","itemListElement":[{"@type":"ListItem","position":1,"name":"In\u00edcio","item":"https:\/\/oprofessorglobal.com.br\/"},{"@type":"ListItem","position":2,"name":"Loja","item":"https:\/\/oprofessorglobal.com.br\/produto\/individual-behavior-chart-tool-to-track-students-behavior\/"},{"@type":"ListItem","position":3,"name":"L\u00edngua Portuguesa para Estrangeiros &#8211; Crian\u00e7as\/Kids &#8211; N\u00edvel B\u00e1sico Low &#8211; LI\u00c7\u00c3O 1: Muito Prazer (A Fam\u00edlia F)"}]},{"@type":"WebSite","@id":"https:\/\/oprofessorglobal.com.br\/#website","url":"https:\/\/oprofessorglobal.com.br\/","name":"The Global Teacher","description":"From teachers to teachers","publisher":{"@id":"https:\/\/oprofessorglobal.com.br\/#organization"},"potentialAction":[{"@type":"SearchAction","target":{"@type":"EntryPoint","urlTemplate":"https:\/\/oprofessorglobal.com.br\/?s={search_term_string}"},"query-input":{"@type":"PropertyValueSpecification","valueRequired":true,"valueName":"search_term_string"}}],"inLanguage":"en-US"},{"@type":"Organization","@id":"https:\/\/oprofessorglobal.com.br\/#organization","name":"The Global Teacher","url":"https:\/\/oprofessorglobal.com.br\/","logo":{"@type":"ImageObject","inLanguage":"en-US","@id":"https:\/\/oprofessorglobal.com.br\/#\/schema\/logo\/image\/","url":"https:\/\/oprofessorglobal.com.br\/wp-content\/uploads\/2020\/04\/oprofessorglobal.com.br-logo-o-professor-global.png","contentUrl":"https:\/\/oprofessorglobal.com.br\/wp-content\/uploads\/2020\/04\/oprofessorglobal.com.br-logo-o-professor-global.png","width":800,"height":270,"caption":"O Professor Global"},"image":{"@id":"https:\/\/oprofessorglobal.com.br\/#\/schema\/logo\/image\/"},"sameAs":["https:\/\/www.facebook.com\/oprofessorglobal\/","https:\/\/www.instagram.com\/prof.global\/?hl=pt-br","https:\/\/www.youtube.com\/channel\/UCf9AY4rQ8AXmKlGg4fotZ_g"]}]}},"_links":{"self":[{"href":"https:\/\/oprofessorglobal.com.br\/en\/wp-json\/wp\/v2\/product\/1345","targetHints":{"allow":["GET"]}}],"collection":[{"href":"https:\/\/oprofessorglobal.com.br\/en\/wp-json\/wp\/v2\/product"}],"about":[{"href":"https:\/\/oprofessorglobal.com.br\/en\/wp-json\/wp\/v2\/types\/product"}],"replies":[{"embeddable":true,"href":"https:\/\/oprofessorglobal.com.br\/en\/wp-json\/wp\/v2\/comments?post=1345"}],"wp:featuredmedia":[{"embeddable":true,"href":"https:\/\/oprofessorglobal.com.br\/en\/wp-json\/wp\/v2\/media\/1350"}],"wp:attachment":[{"href":"https:\/\/oprofessorglobal.com.br\/en\/wp-json\/wp\/v2\/media?parent=1345"}],"wp:term":[{"taxonomy":"product_brand","embeddable":true,"href":"https:\/\/oprofessorglobal.com.br\/en\/wp-json\/wp\/v2\/product_brand?post=1345"},{"taxonomy":"product_cat","embeddable":true,"href":"https:\/\/oprofessorglobal.com.br\/en\/wp-json\/wp\/v2\/product_cat?post=1345"},{"taxonomy":"product_tag","embeddable":true,"href":"https:\/\/oprofessorglobal.com.br\/en\/wp-json\/wp\/v2\/product_tag?post=1345"}],"curies":[{"name":"wp","href":"https:\/\/api.w.org\/{rel}","templated":true}]}}