{"id":1341,"date":"2023-07-08T18:46:46","date_gmt":"2023-07-08T21:46:46","guid":{"rendered":"https:\/\/oprofessorglobal.com.br\/?post_type=product&#038;p=1341"},"modified":"2023-07-08T18:56:10","modified_gmt":"2023-07-08T21:56:10","slug":"portfolio-about-the-book-the-7-habits-of-highly-effective-teens-by-sean-covey","status":"publish","type":"product","link":"https:\/\/oprofessorglobal.com.br\/en\/product\/portfolio-about-the-book-the-7-habits-of-highly-effective-teens-by-sean-covey\/","title":{"rendered":"Portfolio about the book The 7 Habits of Highly Effective Teens by Sean Covey"},"content":{"rendered":"<p>This 22-page PDF file is a portfolio of the book The 7 Habits of the Highly Effective Teens by Sean Covey. Teachers can use these comprehension activities to enhance the students&#8217; understanding of this book.<\/p>\n<p>Esse arquivo de PDF cont\u00e9m 22 p\u00e1ginas com atividades de compreens\u00e3o sobre o livro Os 7 H\u00e1bitos do Adolescentes Altamente Eficazes de Sean Covey. Esse portif\u00f3lio foi desenvolvido para que professores possam utiliz\u00e1-lo com o objetivo de melhorar e checar a compreens\u00e3o dos alunos em rela\u00e7\u00e3o ao livro lido.<\/p>\n<p>&nbsp;<\/p>","protected":false},"excerpt":{"rendered":"<p>This 22-page PDF file is a portfolio of the book The 7 Habits of the Highly Effective Teens by Sean Covey. Teachers can use these comprehension activities to enhance the students&#8217; understanding of this book.<\/p>\n<p>Esse arquivo de PDF cont\u00e9m 22 p\u00e1ginas com atividades de compreens\u00e3o sobre o livro Os 7 H\u00e1bitos do Adolescentes Altamente Eficazes de Sean Covey. Esse portif\u00f3lio foi desenvolvido para que professores possam utiliz\u00e1-lo com o objetivo de melhorar e checar a compreens\u00e3o dos alunos em rela\u00e7\u00e3o ao livro lido.<\/p>","protected":false},"featured_media":1344,"comment_status":"open","ping_status":"closed","template":"","meta":[],"product_brand":[],"product_cat":[40],"product_tag":[50],"class_list":{"0":"post-1341","1":"product","2":"type-product","3":"status-publish","4":"has-post-thumbnail","6":"product_cat-teachers-printables","7":"product_tag-portfolio-7-habits","9":"first","10":"instock","11":"downloadable","12":"shipping-taxable","13":"purchasable","14":"product-type-simple"},"yoast_head":"<!-- This site is optimized with the Yoast SEO plugin v27.5 - https:\/\/yoast.com\/product\/yoast-seo-wordpress\/ -->\n<title>Portfolio about the book The 7 Habits of Highly Effective Teens by Sean Covey - O Professor Global<\/title>\n<meta name=\"robots\" content=\"index, follow, max-snippet:-1, max-image-preview:large, max-video-preview:-1\" \/>\n<link rel=\"canonical\" href=\"https:\/\/oprofessorglobal.com.br\/en\/product\/individual-behavior-chart-tool-to-track-students-behavior\/\" \/>\n<meta property=\"og:locale\" content=\"en_US\" \/>\n<meta property=\"og:type\" content=\"article\" \/>\n<meta property=\"og:title\" content=\"Portfolio about the book The 7 Habits of Highly Effective Teens by Sean Covey - O Professor Global\" \/>\n<meta property=\"og:description\" content=\"This 22-page PDF file is a portfolio of the book The 7 Habits of the Highly Effective Teens by Sean Covey. Teachers can use these comprehension activities to enhance the students&#039; understanding of this book.  Esse arquivo de PDF cont\u00e9m 22 p\u00e1ginas com atividades de compreens\u00e3o sobre o livro Os 7 H\u00e1bitos do Adolescentes Altamente Eficazes de Sean Covey. Esse portif\u00f3lio foi desenvolvido para que professores possam utiliz\u00e1-lo com o objetivo de melhorar e checar a compreens\u00e3o dos alunos em rela\u00e7\u00e3o ao livro lido.\" \/>\n<meta property=\"og:url\" content=\"https:\/\/oprofessorglobal.com.br\/en\/product\/individual-behavior-chart-tool-to-track-students-behavior\/\" \/>\n<meta property=\"og:site_name\" content=\"O Professor Global\" \/>\n<meta property=\"article:publisher\" content=\"https:\/\/www.facebook.com\/oprofessorglobal\/\" \/>\n<meta property=\"article:modified_time\" content=\"2023-07-08T21:56:10+00:00\" \/>\n<meta property=\"og:image\" content=\"https:\/\/oprofessorglobal.com.br\/wp-content\/uploads\/2023\/07\/oprofessorglobal.com.br-screen-shot-2023-07-08-at-3.53.51-pm-1.png\" \/>\n\t<meta property=\"og:image:width\" content=\"670\" \/>\n\t<meta property=\"og:image:height\" content=\"847\" \/>\n\t<meta property=\"og:image:type\" content=\"image\/png\" \/>\n<meta name=\"twitter:card\" content=\"summary_large_image\" \/>\n<meta name=\"twitter:label1\" content=\"Est. reading time\" \/>\n\t<meta name=\"twitter:data1\" content=\"1 minute\" \/>\n<script type=\"application\/ld+json\" class=\"yoast-schema-graph\">{\"@context\":\"https:\\\/\\\/schema.org\",\"@graph\":[{\"@type\":\"WebPage\",\"@id\":\"https:\\\/\\\/oprofessorglobal.com.br\\\/produto\\\/individual-behavior-chart-tool-to-track-students-behavior\\\/\",\"url\":\"https:\\\/\\\/oprofessorglobal.com.br\\\/produto\\\/individual-behavior-chart-tool-to-track-students-behavior\\\/\",\"name\":\"Portfolio about the book The 7 Habits of Highly Effective Teens by Sean Covey - O Professor Global\",\"isPartOf\":{\"@id\":\"https:\\\/\\\/oprofessorglobal.com.br\\\/#website\"},\"primaryImageOfPage\":{\"@id\":\"https:\\\/\\\/oprofessorglobal.com.br\\\/produto\\\/individual-behavior-chart-tool-to-track-students-behavior\\\/#primaryimage\"},\"image\":{\"@id\":\"https:\\\/\\\/oprofessorglobal.com.br\\\/produto\\\/individual-behavior-chart-tool-to-track-students-behavior\\\/#primaryimage\"},\"thumbnailUrl\":\"https:\\\/\\\/oprofessorglobal.com.br\\\/wp-content\\\/uploads\\\/2023\\\/07\\\/oprofessorglobal.com.br-screen-shot-2023-07-08-at-3.53.51-pm-1.png\",\"datePublished\":\"2023-07-08T21:46:46+00:00\",\"dateModified\":\"2023-07-08T21:56:10+00:00\",\"breadcrumb\":{\"@id\":\"https:\\\/\\\/oprofessorglobal.com.br\\\/produto\\\/individual-behavior-chart-tool-to-track-students-behavior\\\/#breadcrumb\"},\"inLanguage\":\"en-US\",\"potentialAction\":[{\"@type\":\"ReadAction\",\"target\":[\"https:\\\/\\\/oprofessorglobal.com.br\\\/produto\\\/individual-behavior-chart-tool-to-track-students-behavior\\\/\"]}]},{\"@type\":\"ImageObject\",\"inLanguage\":\"en-US\",\"@id\":\"https:\\\/\\\/oprofessorglobal.com.br\\\/produto\\\/individual-behavior-chart-tool-to-track-students-behavior\\\/#primaryimage\",\"url\":\"https:\\\/\\\/oprofessorglobal.com.br\\\/wp-content\\\/uploads\\\/2023\\\/07\\\/oprofessorglobal.com.br-screen-shot-2023-07-08-at-3.53.51-pm-1.png\",\"contentUrl\":\"https:\\\/\\\/oprofessorglobal.com.br\\\/wp-content\\\/uploads\\\/2023\\\/07\\\/oprofessorglobal.com.br-screen-shot-2023-07-08-at-3.53.51-pm-1.png\",\"width\":670,\"height\":847},{\"@type\":\"BreadcrumbList\",\"@id\":\"https:\\\/\\\/oprofessorglobal.com.br\\\/produto\\\/individual-behavior-chart-tool-to-track-students-behavior\\\/#breadcrumb\",\"itemListElement\":[{\"@type\":\"ListItem\",\"position\":1,\"name\":\"In\u00edcio\",\"item\":\"https:\\\/\\\/oprofessorglobal.com.br\\\/\"},{\"@type\":\"ListItem\",\"position\":2,\"name\":\"Loja\",\"item\":\"https:\\\/\\\/oprofessorglobal.com.br\\\/produto\\\/individual-behavior-chart-tool-to-track-students-behavior\\\/\"},{\"@type\":\"ListItem\",\"position\":3,\"name\":\"Portfolio about the book The 7 Habits of Highly Effective Teens by Sean Covey\"}]},{\"@type\":\"WebSite\",\"@id\":\"https:\\\/\\\/oprofessorglobal.com.br\\\/#website\",\"url\":\"https:\\\/\\\/oprofessorglobal.com.br\\\/\",\"name\":\"O Professor Global\",\"description\":\"De professor para professor\",\"publisher\":{\"@id\":\"https:\\\/\\\/oprofessorglobal.com.br\\\/#organization\"},\"potentialAction\":[{\"@type\":\"SearchAction\",\"target\":{\"@type\":\"EntryPoint\",\"urlTemplate\":\"https:\\\/\\\/oprofessorglobal.com.br\\\/?s={search_term_string}\"},\"query-input\":{\"@type\":\"PropertyValueSpecification\",\"valueRequired\":true,\"valueName\":\"search_term_string\"}}],\"inLanguage\":\"en-US\"},{\"@type\":\"Organization\",\"@id\":\"https:\\\/\\\/oprofessorglobal.com.br\\\/#organization\",\"name\":\"O Professor Global\",\"url\":\"https:\\\/\\\/oprofessorglobal.com.br\\\/\",\"logo\":{\"@type\":\"ImageObject\",\"inLanguage\":\"en-US\",\"@id\":\"https:\\\/\\\/oprofessorglobal.com.br\\\/#\\\/schema\\\/logo\\\/image\\\/\",\"url\":\"https:\\\/\\\/oprofessorglobal.com.br\\\/wp-content\\\/uploads\\\/2020\\\/04\\\/oprofessorglobal.com.br-logo-o-professor-global.png\",\"contentUrl\":\"https:\\\/\\\/oprofessorglobal.com.br\\\/wp-content\\\/uploads\\\/2020\\\/04\\\/oprofessorglobal.com.br-logo-o-professor-global.png\",\"width\":800,\"height\":270,\"caption\":\"O Professor Global\"},\"image\":{\"@id\":\"https:\\\/\\\/oprofessorglobal.com.br\\\/#\\\/schema\\\/logo\\\/image\\\/\"},\"sameAs\":[\"https:\\\/\\\/www.facebook.com\\\/oprofessorglobal\\\/\",\"https:\\\/\\\/www.instagram.com\\\/prof.global\\\/?hl=pt-br\",\"https:\\\/\\\/www.youtube.com\\\/channel\\\/UCf9AY4rQ8AXmKlGg4fotZ_g\"]}]}<\/script>\n<!-- \/ Yoast SEO plugin. -->","yoast_head_json":{"title":"Portfolio about the book The 7 Habits of Highly Effective Teens by Sean Covey - O Professor Global","robots":{"index":"index","follow":"follow","max-snippet":"max-snippet:-1","max-image-preview":"max-image-preview:large","max-video-preview":"max-video-preview:-1"},"canonical":"https:\/\/oprofessorglobal.com.br\/en\/product\/individual-behavior-chart-tool-to-track-students-behavior\/","og_locale":"en_US","og_type":"article","og_title":"Portfolio about the book The 7 Habits of Highly Effective Teens by Sean Covey - O Professor Global","og_description":"This 22-page PDF file is a portfolio of the book The 7 Habits of the Highly Effective Teens by Sean Covey. Teachers can use these comprehension activities to enhance the students' understanding of this book.  Esse arquivo de PDF cont\u00e9m 22 p\u00e1ginas com atividades de compreens\u00e3o sobre o livro Os 7 H\u00e1bitos do Adolescentes Altamente Eficazes de Sean Covey. Esse portif\u00f3lio foi desenvolvido para que professores possam utiliz\u00e1-lo com o objetivo de melhorar e checar a compreens\u00e3o dos alunos em rela\u00e7\u00e3o ao livro lido.","og_url":"https:\/\/oprofessorglobal.com.br\/en\/product\/individual-behavior-chart-tool-to-track-students-behavior\/","og_site_name":"O Professor Global","article_publisher":"https:\/\/www.facebook.com\/oprofessorglobal\/","article_modified_time":"2023-07-08T21:56:10+00:00","og_image":[{"width":670,"height":847,"url":"https:\/\/oprofessorglobal.com.br\/wp-content\/uploads\/2023\/07\/oprofessorglobal.com.br-screen-shot-2023-07-08-at-3.53.51-pm-1.png","type":"image\/png"}],"twitter_card":"summary_large_image","twitter_misc":{"Est. reading time":"1 minute"},"schema":{"@context":"https:\/\/schema.org","@graph":[{"@type":"WebPage","@id":"https:\/\/oprofessorglobal.com.br\/produto\/individual-behavior-chart-tool-to-track-students-behavior\/","url":"https:\/\/oprofessorglobal.com.br\/produto\/individual-behavior-chart-tool-to-track-students-behavior\/","name":"Portfolio about the book The 7 Habits of Highly Effective Teens by Sean Covey - O Professor Global","isPartOf":{"@id":"https:\/\/oprofessorglobal.com.br\/#website"},"primaryImageOfPage":{"@id":"https:\/\/oprofessorglobal.com.br\/produto\/individual-behavior-chart-tool-to-track-students-behavior\/#primaryimage"},"image":{"@id":"https:\/\/oprofessorglobal.com.br\/produto\/individual-behavior-chart-tool-to-track-students-behavior\/#primaryimage"},"thumbnailUrl":"https:\/\/oprofessorglobal.com.br\/wp-content\/uploads\/2023\/07\/oprofessorglobal.com.br-screen-shot-2023-07-08-at-3.53.51-pm-1.png","datePublished":"2023-07-08T21:46:46+00:00","dateModified":"2023-07-08T21:56:10+00:00","breadcrumb":{"@id":"https:\/\/oprofessorglobal.com.br\/produto\/individual-behavior-chart-tool-to-track-students-behavior\/#breadcrumb"},"inLanguage":"en-US","potentialAction":[{"@type":"ReadAction","target":["https:\/\/oprofessorglobal.com.br\/produto\/individual-behavior-chart-tool-to-track-students-behavior\/"]}]},{"@type":"ImageObject","inLanguage":"en-US","@id":"https:\/\/oprofessorglobal.com.br\/produto\/individual-behavior-chart-tool-to-track-students-behavior\/#primaryimage","url":"https:\/\/oprofessorglobal.com.br\/wp-content\/uploads\/2023\/07\/oprofessorglobal.com.br-screen-shot-2023-07-08-at-3.53.51-pm-1.png","contentUrl":"https:\/\/oprofessorglobal.com.br\/wp-content\/uploads\/2023\/07\/oprofessorglobal.com.br-screen-shot-2023-07-08-at-3.53.51-pm-1.png","width":670,"height":847},{"@type":"BreadcrumbList","@id":"https:\/\/oprofessorglobal.com.br\/produto\/individual-behavior-chart-tool-to-track-students-behavior\/#breadcrumb","itemListElement":[{"@type":"ListItem","position":1,"name":"In\u00edcio","item":"https:\/\/oprofessorglobal.com.br\/"},{"@type":"ListItem","position":2,"name":"Loja","item":"https:\/\/oprofessorglobal.com.br\/produto\/individual-behavior-chart-tool-to-track-students-behavior\/"},{"@type":"ListItem","position":3,"name":"Portfolio about the book The 7 Habits of Highly Effective Teens by Sean Covey"}]},{"@type":"WebSite","@id":"https:\/\/oprofessorglobal.com.br\/#website","url":"https:\/\/oprofessorglobal.com.br\/","name":"The Global Teacher","description":"From teachers to teachers","publisher":{"@id":"https:\/\/oprofessorglobal.com.br\/#organization"},"potentialAction":[{"@type":"SearchAction","target":{"@type":"EntryPoint","urlTemplate":"https:\/\/oprofessorglobal.com.br\/?s={search_term_string}"},"query-input":{"@type":"PropertyValueSpecification","valueRequired":true,"valueName":"search_term_string"}}],"inLanguage":"en-US"},{"@type":"Organization","@id":"https:\/\/oprofessorglobal.com.br\/#organization","name":"The Global Teacher","url":"https:\/\/oprofessorglobal.com.br\/","logo":{"@type":"ImageObject","inLanguage":"en-US","@id":"https:\/\/oprofessorglobal.com.br\/#\/schema\/logo\/image\/","url":"https:\/\/oprofessorglobal.com.br\/wp-content\/uploads\/2020\/04\/oprofessorglobal.com.br-logo-o-professor-global.png","contentUrl":"https:\/\/oprofessorglobal.com.br\/wp-content\/uploads\/2020\/04\/oprofessorglobal.com.br-logo-o-professor-global.png","width":800,"height":270,"caption":"O Professor Global"},"image":{"@id":"https:\/\/oprofessorglobal.com.br\/#\/schema\/logo\/image\/"},"sameAs":["https:\/\/www.facebook.com\/oprofessorglobal\/","https:\/\/www.instagram.com\/prof.global\/?hl=pt-br","https:\/\/www.youtube.com\/channel\/UCf9AY4rQ8AXmKlGg4fotZ_g"]}]}},"_links":{"self":[{"href":"https:\/\/oprofessorglobal.com.br\/en\/wp-json\/wp\/v2\/product\/1341","targetHints":{"allow":["GET"]}}],"collection":[{"href":"https:\/\/oprofessorglobal.com.br\/en\/wp-json\/wp\/v2\/product"}],"about":[{"href":"https:\/\/oprofessorglobal.com.br\/en\/wp-json\/wp\/v2\/types\/product"}],"replies":[{"embeddable":true,"href":"https:\/\/oprofessorglobal.com.br\/en\/wp-json\/wp\/v2\/comments?post=1341"}],"wp:featuredmedia":[{"embeddable":true,"href":"https:\/\/oprofessorglobal.com.br\/en\/wp-json\/wp\/v2\/media\/1344"}],"wp:attachment":[{"href":"https:\/\/oprofessorglobal.com.br\/en\/wp-json\/wp\/v2\/media?parent=1341"}],"wp:term":[{"taxonomy":"product_brand","embeddable":true,"href":"https:\/\/oprofessorglobal.com.br\/en\/wp-json\/wp\/v2\/product_brand?post=1341"},{"taxonomy":"product_cat","embeddable":true,"href":"https:\/\/oprofessorglobal.com.br\/en\/wp-json\/wp\/v2\/product_cat?post=1341"},{"taxonomy":"product_tag","embeddable":true,"href":"https:\/\/oprofessorglobal.com.br\/en\/wp-json\/wp\/v2\/product_tag?post=1341"}],"curies":[{"name":"wp","href":"https:\/\/api.w.org\/{rel}","templated":true}]}}