{"id":930,"date":"2023-02-28T09:28:27","date_gmt":"2023-02-28T12:28:27","guid":{"rendered":"https:\/\/oprofessorglobal.com.br\/minha-conta\/"},"modified":"2023-03-29T10:27:21","modified_gmt":"2023-03-29T13:27:21","slug":"my-account","status":"publish","type":"page","link":"https:\/\/oprofessorglobal.com.br\/en\/my-account\/","title":{"rendered":"My account"},"content":{"rendered":"<div data-elementor-type=\"wp-page\" data-elementor-id=\"930\" class=\"elementor elementor-930\" data-elementor-post-type=\"page\">\n\t\t\t\t\t\t<section class=\"elementor-section elementor-top-section elementor-element elementor-element-c486790 elementor-section-height-min-height elementor-section-boxed elementor-section-height-default elementor-section-items-middle\" data-id=\"c486790\" data-element_type=\"section\" data-e-type=\"section\" data-settings=\"{&quot;background_background&quot;:&quot;classic&quot;}\">\n\t\t\t\t\t\t\t<div class=\"elementor-background-overlay\"><\/div>\n\t\t\t\t\t\t\t<div class=\"elementor-container elementor-column-gap-no\">\n\t\t\t\t\t<div class=\"elementor-column elementor-col-100 elementor-top-column elementor-element elementor-element-89de300\" data-id=\"89de300\" data-element_type=\"column\" data-e-type=\"column\">\n\t\t\t<div class=\"elementor-widget-wrap\">\n\t\t\t\t\t\t\t<\/div>\n\t\t<\/div>\n\t\t\t\t\t<\/div>\n\t\t<\/section>\n\t\t\t\t<section class=\"elementor-section elementor-top-section elementor-element elementor-element-8ebd188 elementor-section-boxed elementor-section-height-default elementor-section-height-default\" data-id=\"8ebd188\" data-element_type=\"section\" data-e-type=\"section\">\n\t\t\t\t\t\t<div class=\"elementor-container elementor-column-gap-default\">\n\t\t\t\t\t<div class=\"elementor-column elementor-col-100 elementor-top-column elementor-element elementor-element-190c08bd\" data-id=\"190c08bd\" data-element_type=\"column\" data-e-type=\"column\">\n\t\t\t<div class=\"elementor-widget-wrap elementor-element-populated\">\n\t\t\t\t\t\t<div class=\"elementor-element elementor-element-3c906a5 e-my-account-tabs-vertical elementor-widget elementor-widget-woocommerce-my-account\" data-id=\"3c906a5\" data-element_type=\"widget\" data-e-type=\"widget\" data-settings=\"{&quot;forms_buttons_hover_animation&quot;:&quot;float&quot;,&quot;tables_button_hover_animation&quot;:&quot;float&quot;}\" data-widget_type=\"woocommerce-my-account.default\">\n\t\t\t\t<div class=\"elementor-widget-container\">\n\t\t\t\t\t<div class=\"e-my-account-tab e-my-account-tab__\">\t\t\t<div class=\"woocommerce\"><\/div>\t\t<\/div>\n\t\t\t\t\t\t<\/div>\n\t\t\t\t<\/div>\n\t\t\t\t\t<\/div>\n\t\t<\/div>\n\t\t\t\t\t<\/div>\n\t\t<\/section>\n\t\t\t\t<\/div>","protected":false},"excerpt":{"rendered":"<p>Dashboard Orders Downloads Address M\u00e9todos de pagamento Account details Logout Ol\u00e1, plustag (n\u00e3o \u00e9 plustag? Sair) A partir do painel de controle de sua conta, voc\u00ea pode ver suas compras recentes, gerenciar seus endere\u00e7o de faturamento, e editar sua senha e detalhes da conta.<\/p>","protected":false},"author":1,"featured_media":0,"parent":0,"menu_order":0,"comment_status":"closed","ping_status":"closed","template":"elementor_header_footer","meta":{"footnotes":""},"class_list":["post-930","page","type-page","status-publish","hentry"],"yoast_head":"<!-- This site is optimized with the Yoast SEO plugin v27.5 - https:\/\/yoast.com\/product\/yoast-seo-wordpress\/ -->\n<title>My account - O Professor Global<\/title>\n<meta name=\"robots\" content=\"index, follow, max-snippet:-1, max-image-preview:large, max-video-preview:-1\" \/>\n<link rel=\"canonical\" href=\"https:\/\/oprofessorglobal.com.br\/en\/product\/individual-behavior-chart-tool-to-track-students-behavior\/\" \/>\n<meta property=\"og:locale\" content=\"en_US\" \/>\n<meta property=\"og:type\" content=\"article\" \/>\n<meta property=\"og:title\" content=\"My account - O Professor Global\" \/>\n<meta property=\"og:description\" content=\"Dashboard Orders Downloads Address M\u00e9todos de pagamento Account details Logout Ol\u00e1, plustag (n\u00e3o \u00e9 plustag? Sair) A partir do painel de controle de sua conta, voc\u00ea pode ver suas compras recentes, gerenciar seus endere\u00e7o de faturamento, e editar sua senha e detalhes da conta.\" \/>\n<meta property=\"og:url\" content=\"https:\/\/oprofessorglobal.com.br\/en\/product\/individual-behavior-chart-tool-to-track-students-behavior\/\" \/>\n<meta property=\"og:site_name\" content=\"O Professor Global\" \/>\n<meta property=\"article:publisher\" content=\"https:\/\/www.facebook.com\/oprofessorglobal\/\" \/>\n<meta property=\"article:modified_time\" content=\"2023-03-29T13:27:21+00:00\" \/>\n<meta name=\"twitter:card\" content=\"summary_large_image\" \/>\n<meta name=\"twitter:label1\" content=\"Est. reading time\" \/>\n\t<meta name=\"twitter:data1\" content=\"2 minutes\" \/>\n<script type=\"application\/ld+json\" class=\"yoast-schema-graph\">{\"@context\":\"https:\\\/\\\/schema.org\",\"@graph\":[{\"@type\":\"WebPage\",\"@id\":\"https:\\\/\\\/oprofessorglobal.com.br\\\/produto\\\/individual-behavior-chart-tool-to-track-students-behavior\\\/\",\"url\":\"https:\\\/\\\/oprofessorglobal.com.br\\\/produto\\\/individual-behavior-chart-tool-to-track-students-behavior\\\/\",\"name\":\"My account - O Professor Global\",\"isPartOf\":{\"@id\":\"https:\\\/\\\/oprofessorglobal.com.br\\\/#website\"},\"datePublished\":\"2023-02-28T12:28:27+00:00\",\"dateModified\":\"2023-03-29T13:27:21+00:00\",\"breadcrumb\":{\"@id\":\"https:\\\/\\\/oprofessorglobal.com.br\\\/produto\\\/individual-behavior-chart-tool-to-track-students-behavior\\\/#breadcrumb\"},\"inLanguage\":\"en-US\",\"potentialAction\":[{\"@type\":\"ReadAction\",\"target\":[\"https:\\\/\\\/oprofessorglobal.com.br\\\/produto\\\/individual-behavior-chart-tool-to-track-students-behavior\\\/\"]}]},{\"@type\":\"BreadcrumbList\",\"@id\":\"https:\\\/\\\/oprofessorglobal.com.br\\\/produto\\\/individual-behavior-chart-tool-to-track-students-behavior\\\/#breadcrumb\",\"itemListElement\":[{\"@type\":\"ListItem\",\"position\":1,\"name\":\"In\u00edcio\",\"item\":\"https:\\\/\\\/oprofessorglobal.com.br\\\/\"},{\"@type\":\"ListItem\",\"position\":2,\"name\":\"My account\"}]},{\"@type\":\"WebSite\",\"@id\":\"https:\\\/\\\/oprofessorglobal.com.br\\\/#website\",\"url\":\"https:\\\/\\\/oprofessorglobal.com.br\\\/\",\"name\":\"O Professor Global\",\"description\":\"De professor para professor\",\"publisher\":{\"@id\":\"https:\\\/\\\/oprofessorglobal.com.br\\\/#organization\"},\"potentialAction\":[{\"@type\":\"SearchAction\",\"target\":{\"@type\":\"EntryPoint\",\"urlTemplate\":\"https:\\\/\\\/oprofessorglobal.com.br\\\/?s={search_term_string}\"},\"query-input\":{\"@type\":\"PropertyValueSpecification\",\"valueRequired\":true,\"valueName\":\"search_term_string\"}}],\"inLanguage\":\"en-US\"},{\"@type\":\"Organization\",\"@id\":\"https:\\\/\\\/oprofessorglobal.com.br\\\/#organization\",\"name\":\"O Professor Global\",\"url\":\"https:\\\/\\\/oprofessorglobal.com.br\\\/\",\"logo\":{\"@type\":\"ImageObject\",\"inLanguage\":\"en-US\",\"@id\":\"https:\\\/\\\/oprofessorglobal.com.br\\\/#\\\/schema\\\/logo\\\/image\\\/\",\"url\":\"https:\\\/\\\/oprofessorglobal.com.br\\\/wp-content\\\/uploads\\\/2020\\\/04\\\/oprofessorglobal.com.br-logo-o-professor-global.png\",\"contentUrl\":\"https:\\\/\\\/oprofessorglobal.com.br\\\/wp-content\\\/uploads\\\/2020\\\/04\\\/oprofessorglobal.com.br-logo-o-professor-global.png\",\"width\":800,\"height\":270,\"caption\":\"O Professor Global\"},\"image\":{\"@id\":\"https:\\\/\\\/oprofessorglobal.com.br\\\/#\\\/schema\\\/logo\\\/image\\\/\"},\"sameAs\":[\"https:\\\/\\\/www.facebook.com\\\/oprofessorglobal\\\/\",\"https:\\\/\\\/www.instagram.com\\\/prof.global\\\/?hl=pt-br\",\"https:\\\/\\\/www.youtube.com\\\/channel\\\/UCf9AY4rQ8AXmKlGg4fotZ_g\"]}]}<\/script>\n<!-- \/ Yoast SEO plugin. -->","yoast_head_json":{"title":"My account - O Professor Global","robots":{"index":"index","follow":"follow","max-snippet":"max-snippet:-1","max-image-preview":"max-image-preview:large","max-video-preview":"max-video-preview:-1"},"canonical":"https:\/\/oprofessorglobal.com.br\/en\/product\/individual-behavior-chart-tool-to-track-students-behavior\/","og_locale":"en_US","og_type":"article","og_title":"My account - O Professor Global","og_description":"Dashboard Orders Downloads Address M\u00e9todos de pagamento Account details Logout Ol\u00e1, plustag (n\u00e3o \u00e9 plustag? Sair) A partir do painel de controle de sua conta, voc\u00ea pode ver suas compras recentes, gerenciar seus endere\u00e7o de faturamento, e editar sua senha e detalhes da conta.","og_url":"https:\/\/oprofessorglobal.com.br\/en\/product\/individual-behavior-chart-tool-to-track-students-behavior\/","og_site_name":"O Professor Global","article_publisher":"https:\/\/www.facebook.com\/oprofessorglobal\/","article_modified_time":"2023-03-29T13:27:21+00:00","twitter_card":"summary_large_image","twitter_misc":{"Est. reading time":"2 minutes"},"schema":{"@context":"https:\/\/schema.org","@graph":[{"@type":"WebPage","@id":"https:\/\/oprofessorglobal.com.br\/produto\/individual-behavior-chart-tool-to-track-students-behavior\/","url":"https:\/\/oprofessorglobal.com.br\/produto\/individual-behavior-chart-tool-to-track-students-behavior\/","name":"My account - O Professor Global","isPartOf":{"@id":"https:\/\/oprofessorglobal.com.br\/#website"},"datePublished":"2023-02-28T12:28:27+00:00","dateModified":"2023-03-29T13:27:21+00:00","breadcrumb":{"@id":"https:\/\/oprofessorglobal.com.br\/produto\/individual-behavior-chart-tool-to-track-students-behavior\/#breadcrumb"},"inLanguage":"en-US","potentialAction":[{"@type":"ReadAction","target":["https:\/\/oprofessorglobal.com.br\/produto\/individual-behavior-chart-tool-to-track-students-behavior\/"]}]},{"@type":"BreadcrumbList","@id":"https:\/\/oprofessorglobal.com.br\/produto\/individual-behavior-chart-tool-to-track-students-behavior\/#breadcrumb","itemListElement":[{"@type":"ListItem","position":1,"name":"In\u00edcio","item":"https:\/\/oprofessorglobal.com.br\/"},{"@type":"ListItem","position":2,"name":"My account"}]},{"@type":"WebSite","@id":"https:\/\/oprofessorglobal.com.br\/#website","url":"https:\/\/oprofessorglobal.com.br\/","name":"The Global Teacher","description":"From teachers to teachers","publisher":{"@id":"https:\/\/oprofessorglobal.com.br\/#organization"},"potentialAction":[{"@type":"SearchAction","target":{"@type":"EntryPoint","urlTemplate":"https:\/\/oprofessorglobal.com.br\/?s={search_term_string}"},"query-input":{"@type":"PropertyValueSpecification","valueRequired":true,"valueName":"search_term_string"}}],"inLanguage":"en-US"},{"@type":"Organization","@id":"https:\/\/oprofessorglobal.com.br\/#organization","name":"The Global Teacher","url":"https:\/\/oprofessorglobal.com.br\/","logo":{"@type":"ImageObject","inLanguage":"en-US","@id":"https:\/\/oprofessorglobal.com.br\/#\/schema\/logo\/image\/","url":"https:\/\/oprofessorglobal.com.br\/wp-content\/uploads\/2020\/04\/oprofessorglobal.com.br-logo-o-professor-global.png","contentUrl":"https:\/\/oprofessorglobal.com.br\/wp-content\/uploads\/2020\/04\/oprofessorglobal.com.br-logo-o-professor-global.png","width":800,"height":270,"caption":"O Professor Global"},"image":{"@id":"https:\/\/oprofessorglobal.com.br\/#\/schema\/logo\/image\/"},"sameAs":["https:\/\/www.facebook.com\/oprofessorglobal\/","https:\/\/www.instagram.com\/prof.global\/?hl=pt-br","https:\/\/www.youtube.com\/channel\/UCf9AY4rQ8AXmKlGg4fotZ_g"]}]}},"_links":{"self":[{"href":"https:\/\/oprofessorglobal.com.br\/en\/wp-json\/wp\/v2\/pages\/930","targetHints":{"allow":["GET"]}}],"collection":[{"href":"https:\/\/oprofessorglobal.com.br\/en\/wp-json\/wp\/v2\/pages"}],"about":[{"href":"https:\/\/oprofessorglobal.com.br\/en\/wp-json\/wp\/v2\/types\/page"}],"author":[{"embeddable":true,"href":"https:\/\/oprofessorglobal.com.br\/en\/wp-json\/wp\/v2\/users\/1"}],"replies":[{"embeddable":true,"href":"https:\/\/oprofessorglobal.com.br\/en\/wp-json\/wp\/v2\/comments?post=930"}],"version-history":[{"count":0,"href":"https:\/\/oprofessorglobal.com.br\/en\/wp-json\/wp\/v2\/pages\/930\/revisions"}],"wp:attachment":[{"href":"https:\/\/oprofessorglobal.com.br\/en\/wp-json\/wp\/v2\/media?parent=930"}],"curies":[{"name":"wp","href":"https:\/\/api.w.org\/{rel}","templated":true}]}}